{"id":158,"date":"2014-03-03T13:29:45","date_gmt":"2014-03-03T13:29:45","guid":{"rendered":"http:\/\/www.deggroup.it\/?page_id=158"},"modified":"2014-03-04T18:39:42","modified_gmt":"2014-03-04T18:39:42","slug":"server-virtuali","status":"publish","type":"page","link":"https:\/\/www.deggroup.it\/?page_id=158","title":{"rendered":"SERVER VIRTUALI"},"content":{"rendered":"<p><a href=\"http:\/\/www.deggroup.it\/wp-content\/uploads\/2014\/03\/img_vps.gif\"><img decoding=\"async\" loading=\"lazy\" class=\"alignleft size-full wp-image-249\" alt=\"img_vps\" src=\"http:\/\/www.deggroup.it\/wp-content\/uploads\/2014\/03\/img_vps.gif\" width=\"211\" height=\"179\" \/><\/a>Un Virtual Private Server (o VPS) \u00e8 un server simulato da un apposito software di virtualizzazione il quale gli assegna parte delle risorse del server fisico (o nodo fisico) che ospita il VPS quali la memoria, le CPU e lo spazio disco.<br \/>\nUn nodo fisico pu\u00f2 ospitare pi\u00f9 VPS ed assegnare a ciascuna di esse un diverso quantitativo di risorse che pu\u00f2 anche essere variato dinamicamente nel tempo, mentre su ciascuna VPS pu\u00f2 girare una installazione di un sistema operativo completamente isolato ed indipendente da quelli installati sulle altre VPS, proprio come se si trattasse di veri server distinti.<br \/>\nOspitando pi\u00f9 VPS su uno stesso nodo fisico \u00e8 possibile ripartire tra pi\u00f9 utenti il costo dell\u2019intero server con un evidente risparmio per tutti senza per\u00f2 rinunciare ai vantaggi normalmente disponibili solo avendo un server dedicato, ecco in breve i vantaggi dell\u2019offerta VPS:<\/p>\n<ul>\n<li>La sicurezza derivante dall\u2019isolamento dei propri siti web, dati e software da quelli altrui<\/li>\n<li>la garanzia di avere in ogni momento a disposizione tutte le risorse assegnate senza essere penalizzati dall\u2019utilizzo smodato delle stesse da parte di siti web o software altrui<\/li>\n<li>la convenienza di godere delle caratteristiche di un server di fascia alta (dischi, alimentatori, ventole e altre parti ridondati e sostituibili a caldo, CPU multiple, qualit\u00e0 superiore, etc.) ad un costo inferiore a quello di un server di fascia bassa<\/li>\n<li>la possibilit\u00e0 di personalizzare in maniera flessibile la configurazione del proprio sistema secondo le proprie necessit\u00e0<\/li>\n<\/ul>\n","protected":false},"excerpt":{"rendered":"<p>Un Virtual Private Server (o VPS) \u00e8 un server simulato da un apposito software di virtualizzazione il quale gli assegna parte delle risorse del server fisico (o nodo fisico) che ospita il VPS quali la memoria, le CPU e lo spazio disco. Un nodo fisico pu\u00f2 ospitare pi\u00f9 VPS ed assegnare a ciascuna di esse &hellip; <a href=\"https:\/\/www.deggroup.it\/?page_id=158\" class=\"more-link\">Continua la lettura di <span class=\"screen-reader-text\">SERVER VIRTUALI<\/span> <span class=\"meta-nav\">&rarr;<\/span><\/a><\/p>\n","protected":false},"author":2,"featured_media":0,"parent":0,"menu_order":0,"comment_status":"closed","ping_status":"open","template":"","meta":[],"_links":{"self":[{"href":"https:\/\/www.deggroup.it\/index.php?rest_route=\/wp\/v2\/pages\/158"}],"collection":[{"href":"https:\/\/www.deggroup.it\/index.php?rest_route=\/wp\/v2\/pages"}],"about":[{"href":"https:\/\/www.deggroup.it\/index.php?rest_route=\/wp\/v2\/types\/page"}],"author":[{"embeddable":true,"href":"https:\/\/www.deggroup.it\/index.php?rest_route=\/wp\/v2\/users\/2"}],"replies":[{"embeddable":true,"href":"https:\/\/www.deggroup.it\/index.php?rest_route=%2Fwp%2Fv2%2Fcomments&post=158"}],"version-history":[{"count":3,"href":"https:\/\/www.deggroup.it\/index.php?rest_route=\/wp\/v2\/pages\/158\/revisions"}],"predecessor-version":[{"id":269,"href":"https:\/\/www.deggroup.it\/index.php?rest_route=\/wp\/v2\/pages\/158\/revisions\/269"}],"wp:attachment":[{"href":"https:\/\/www.deggroup.it\/index.php?rest_route=%2Fwp%2Fv2%2Fmedia&parent=158"}],"curies":[{"name":"wp","href":"https:\/\/api.w.org\/{rel}","templated":true}]}}